{"id":275,"date":"2024-02-27T16:38:30","date_gmt":"2024-02-27T14:38:30","guid":{"rendered":"https:\/\/2hektarai.lt\/?post_type=product&#038;p=275"},"modified":"2024-06-21T15:53:46","modified_gmt":"2024-06-21T12:53:46","slug":"eringi-karaliskoji-kreivabude","status":"publish","type":"product","link":"https:\/\/2hektarai.lt\/index.php\/product\/eringi-karaliskoji-kreivabude\/","title":{"rendered":"Eringi (Karali\u0161koji kreivabud\u0117)"},"content":{"rendered":"<p><img loading=\"lazy\" decoding=\"async\" class=\"alignnone size-medium wp-image-297\" src=\"http:\/\/2hektarai.lt\/wp-content\/uploads\/2024\/02\/King-oyster-226x300.jpg\" alt=\"Eringi grybai, karali\u0161koji kreivabud\u0117\" width=\"226\" height=\"300\" srcset=\"https:\/\/2hektarai.lt\/wp-content\/uploads\/2024\/02\/King-oyster-226x300.jpg 226w, https:\/\/2hektarai.lt\/wp-content\/uploads\/2024\/02\/King-oyster-300x398.jpg 300w, https:\/\/2hektarai.lt\/wp-content\/uploads\/2024\/02\/King-oyster-600x797.jpg 600w, https:\/\/2hektarai.lt\/wp-content\/uploads\/2024\/02\/King-oyster-771x1024.jpg 771w, https:\/\/2hektarai.lt\/wp-content\/uploads\/2024\/02\/King-oyster-768x1020.jpg 768w, https:\/\/2hektarai.lt\/wp-content\/uploads\/2024\/02\/King-oyster-1157x1536.jpg 1157w, https:\/\/2hektarai.lt\/wp-content\/uploads\/2024\/02\/King-oyster-1320x1753.jpg 1320w, https:\/\/2hektarai.lt\/wp-content\/uploads\/2024\/02\/King-oyster.jpg 1536w\" sizes=\"(max-width: 226px) 100vw, 226px\" \/><\/p>\n<p><strong>Eringi | Karali\u0161koji kreivabud\u0117<\/strong> (lot. Pleurotus Eryngii, angl. King Oyster) &#8211; i\u0161skirtinis kreivabud\u017ei\u0173 \u0161eimos atstovas. Skirtingai nuo<span style=\"color: #3366ff;\"> <a style=\"color: #3366ff;\" href=\"https:\/\/2hektarai.lt\/?post_type=product&amp;p=274\">pilk\u0173j\u0173<\/a><\/span> ir <span style=\"color: #ff00ff;\"><a style=\"color: #ff00ff;\" href=\"https:\/\/2hektarai.lt\/?post_type=product&amp;p=270&amp;attribute_500g1kg=1kg\">ro\u017eini\u0173<\/a><\/span> kreivabud\u017ei\u0173 gryb\u0173, kurios nat\u016braliai auga ant med\u017eio kamieno, Eringi grybai auga, kaip m\u016bs\u0173 lietuvi\u0161kasis baravykas. Tai grybai su nedidele, trimit\u0105 primenan\u010dia kepur\u0117l\u0117 ir tvirtu, m\u0117singu kotu, \u0161ilkin\u0117s tekst\u016bros bei subtilaus aromato. Tikrai vertas karali\u0161kojo vardo.<\/p>\n<p><strong>Kaip paruo\u0161ti?<\/strong> Eringi (karali\u0161koji kreivabud\u0117) vartojamas visas &#8211; ir kepur\u0117l\u0117, ir kotas. Termi\u0161kai apdorojus i\u0161lieka tvirtas ir tra\u0161kus. Papras\u010diausias b\u016bdas &#8211;\u00a0 tiesiog pakepkite ant\u00a0 sviesto su \u010desnaku &#8211; tikrai nesuklysite! Da\u017enai ruo\u0161iamas kaip pagrindinis patiekalas, naudojamas gaminant makaronus ar garnyr\u0105, verdant sriubas, puikiai tiks pagardinti pic\u0105. Dera su j\u016bros g\u0117ryb\u0117mis ir m\u0117sa bei yra puikus m\u0117sos pakaitalas vegani\u0161koje ar vegetari\u0161koje mityboje.<\/p>\n<p><strong>Laikymo s\u0105lygos:<\/strong> laikyti \u0161aldytuve or\u0105 praleid\u017eian\u010dioje taroje. Geriausiai tinka popierinis mai\u0161elis ar d\u0117\u017eut\u0117. Suvartoti per 7 &#8211; 10 d.<\/p>\n<p>\u0160vie\u017eius grybus visada stengiam\u0117s i\u0161si\u0173sti kuo grei\u010diau, ta\u010diau gali u\u017etrukti iki 4 &#8211; 5 d.d nuo u\u017esakymo pateikimo.<\/p>\n<p>\u0160vie\u017eius grybus visada rekomenduojame u\u017esisakyti per autobus\u0173 siuntas, kad prek\u0117 pasiekt\u0173 Jus kuo \u0161vie\u017eesn\u0117.<\/p>\n<p>Jei turite klausim\u0173 ar domina didesnis produkto kiekis &#8211; <span style=\"color: #0000ff;\"><a style=\"color: #0000ff;\" href=\"https:\/\/2hektarai.lt\/index.php\/kontaktai\/\">susisiekite.<\/a><\/span><\/p>\n<p>Jei \u0161iuo metu j\u016bs\u0173 norimas produktas i\u0161parduotas &#8211; para\u0161ykite mums ir mes jus informuosime, kada v\u0117l tur\u0117sime.<\/p>\n","protected":false},"excerpt":{"rendered":"<p>\u0160vie\u017ei Eringi (karali\u0161kosios kreivabud\u0117s) grybai u\u017eauginti Kupi\u0161kio rajone<\/p>\n","protected":false},"featured_media":356,"comment_status":"open","ping_status":"closed","template":"","meta":{"om_disable_all_campaigns":false,"_monsterinsights_skip_tracking":false,"_monsterinsights_sitenote_active":false,"_monsterinsights_sitenote_note":"","_monsterinsights_sitenote_category":0,"_uf_show_specific_survey":0,"_uf_disable_surveys":false},"product_cat":[38],"product_tag":[],"aioseo_notices":[],"jetpack_sharing_enabled":true,"_links":{"self":[{"href":"https:\/\/2hektarai.lt\/index.php\/wp-json\/wp\/v2\/product\/275"}],"collection":[{"href":"https:\/\/2hektarai.lt\/index.php\/wp-json\/wp\/v2\/product"}],"about":[{"href":"https:\/\/2hektarai.lt\/index.php\/wp-json\/wp\/v2\/types\/product"}],"replies":[{"embeddable":true,"href":"https:\/\/2hektarai.lt\/index.php\/wp-json\/wp\/v2\/comments?post=275"}],"wp:featuredmedia":[{"embeddable":true,"href":"https:\/\/2hektarai.lt\/index.php\/wp-json\/wp\/v2\/media\/356"}],"wp:attachment":[{"href":"https:\/\/2hektarai.lt\/index.php\/wp-json\/wp\/v2\/media?parent=275"}],"wp:term":[{"taxonomy":"product_cat","embeddable":true,"href":"https:\/\/2hektarai.lt\/index.php\/wp-json\/wp\/v2\/product_cat?post=275"},{"taxonomy":"product_tag","embeddable":true,"href":"https:\/\/2hektarai.lt\/index.php\/wp-json\/wp\/v2\/product_tag?post=275"}],"curies":[{"name":"wp","href":"https:\/\/api.w.org\/{rel}","templated":true}]}}