{"id":274,"date":"2024-02-27T16:37:03","date_gmt":"2024-02-27T14:37:03","guid":{"rendered":"https:\/\/2hektarai.lt\/?post_type=product&#038;p=274"},"modified":"2024-09-30T18:48:47","modified_gmt":"2024-09-30T15:48:47","slug":"pilkoji-kreivabude","status":"publish","type":"product","link":"https:\/\/2hektarai.lt\/index.php\/product\/pilkoji-kreivabude\/","title":{"rendered":"Pilkoji kreivabud\u0117"},"content":{"rendered":"<p><img loading=\"lazy\" decoding=\"async\" class=\"alignnone size-medium wp-image-287\" src=\"http:\/\/2hektarai.lt\/wp-content\/uploads\/2024\/02\/Grey-oyster-2-300x226.jpg\" alt=\"\" width=\"300\" height=\"226\" srcset=\"https:\/\/2hektarai.lt\/wp-content\/uploads\/2024\/02\/Grey-oyster-2-300x226.jpg 300w, https:\/\/2hektarai.lt\/wp-content\/uploads\/2024\/02\/Grey-oyster-2-600x452.jpg 600w, https:\/\/2hektarai.lt\/wp-content\/uploads\/2024\/02\/Grey-oyster-2-1024x771.jpg 1024w, https:\/\/2hektarai.lt\/wp-content\/uploads\/2024\/02\/Grey-oyster-2-768x578.jpg 768w, https:\/\/2hektarai.lt\/wp-content\/uploads\/2024\/02\/Grey-oyster-2-1536x1157.jpg 1536w, https:\/\/2hektarai.lt\/wp-content\/uploads\/2024\/02\/Grey-oyster-2-1320x994.jpg 1320w, https:\/\/2hektarai.lt\/wp-content\/uploads\/2024\/02\/Grey-oyster-2.jpg 2040w\" sizes=\"(max-width: 300px) 100vw, 300px\" \/><\/p>\n<p><strong>Pilkoji kreivabude<\/strong> (lot. Pleurotus Ostreatus, angl. Grey Oyster) &#8211; dar \u017einoma, kaip gluosnin\u0117 kreivabud\u0117 yra viena populiariausi\u0173 tarp vis\u0173 kreivabud\u017ei\u0173 ru\u0161i\u0173. Pasi\u017eymi maloniu, \u017eemi\u0161ku ir \u0161iek tiek salstel\u0117jusiu skoniu bei tvirta ir m\u0117singa tekst\u016bra, pla\u010diai naudojama vegan\u0173 ir vegetar\u0173 mityboje kaip m\u0117sos pakaitalas.<\/p>\n<p><strong>Kaip paruo\u0161ti?<\/strong> Vienas i\u0161 m\u016bs\u0173 m\u0117gstamiausi\u0173 b\u016bd\u0173: tiesiog pa\u010dir\u0161kinti keptuv\u0117je ant sviesto su m\u0117gstamais prieskoniais. Pilkoji kreivabud\u0117 pla\u010diai paplitusi kulinarijos pasaulyje, tad puikiai tinka gardinti makaron\u0173, sriub\u0173, tro\u0161kini\u0173 patiekalus.<\/p>\n<p>Pilkosios kreivabud\u0117s grybuose gausu skaidul\u0173, vitamin\u0173, mineral\u0173 ir kit\u0173 svarbi\u0173 maistini\u0173 med\u017eiag\u0173, \u012fskaitant vitamin\u0105 D ir selen\u0105. Jau \u0161imtme\u010dius pla\u010diai naudojama kin\u0173 medicinoje.<\/p>\n<p><strong>Laikymo s\u0105lygos:<\/strong> laikyti \u0161aldytuve or\u0105 praleid\u017eian\u010dioje taroje. Geriausiai tinka popierinis mai\u0161elis ar d\u0117\u017eut\u0117. Suvartoti per 3 &#8211; 5 d.<\/p>\n<p>\u0160vie\u017eius grybus visada stengiam\u0117s i\u0161si\u0173sti kuo grei\u010diau, ta\u010diau gali u\u017etrukti iki 4 &#8211; 5 d.d nuo u\u017esakymo pateikimo.<\/p>\n<p>\u0160vie\u017eius grybus visada rekomenduojame u\u017esisakyti per autobus\u0173 siuntas, kad prek\u0117 pasiekt\u0173 Jus kuo \u0161vie\u017eesn\u0117.<\/p>\n<p>Jei turite klausim\u0173 ar domina didesnis produkto kiekis &#8211; <span style=\"color: #0000ff;\"><a style=\"color: #0000ff;\" href=\"https:\/\/2hektarai.lt\/index.php\/kontaktai\/\">susisiekite.<\/a><\/span><\/p>\n<p>Jei \u0161iuo metu j\u016bs\u0173 norimas produktas i\u0161parduotas &#8211; para\u0161ykite mums ir mes jus informuosime, kada v\u0117l tur\u0117sime.<\/p>\n<p>&nbsp;<\/p>\n","protected":false},"excerpt":{"rendered":"<p>\u0160vie\u017ei Pilkosios kreivabud\u0117s grybai u\u017eauginti Kupi\u0161kio rajone<\/p>\n","protected":false},"featured_media":354,"comment_status":"open","ping_status":"closed","template":"","meta":{"om_disable_all_campaigns":false,"_monsterinsights_skip_tracking":false,"_monsterinsights_sitenote_active":false,"_monsterinsights_sitenote_note":"","_monsterinsights_sitenote_category":0,"_uf_show_specific_survey":0,"_uf_disable_surveys":false},"product_cat":[38],"product_tag":[],"aioseo_notices":[],"jetpack_sharing_enabled":true,"_links":{"self":[{"href":"https:\/\/2hektarai.lt\/index.php\/wp-json\/wp\/v2\/product\/274"}],"collection":[{"href":"https:\/\/2hektarai.lt\/index.php\/wp-json\/wp\/v2\/product"}],"about":[{"href":"https:\/\/2hektarai.lt\/index.php\/wp-json\/wp\/v2\/types\/product"}],"replies":[{"embeddable":true,"href":"https:\/\/2hektarai.lt\/index.php\/wp-json\/wp\/v2\/comments?post=274"}],"wp:featuredmedia":[{"embeddable":true,"href":"https:\/\/2hektarai.lt\/index.php\/wp-json\/wp\/v2\/media\/354"}],"wp:attachment":[{"href":"https:\/\/2hektarai.lt\/index.php\/wp-json\/wp\/v2\/media?parent=274"}],"wp:term":[{"taxonomy":"product_cat","embeddable":true,"href":"https:\/\/2hektarai.lt\/index.php\/wp-json\/wp\/v2\/product_cat?post=274"},{"taxonomy":"product_tag","embeddable":true,"href":"https:\/\/2hektarai.lt\/index.php\/wp-json\/wp\/v2\/product_tag?post=274"}],"curies":[{"name":"wp","href":"https:\/\/api.w.org\/{rel}","templated":true}]}}