{"id":270,"date":"2024-02-25T20:22:35","date_gmt":"2024-02-25T18:22:35","guid":{"rendered":"https:\/\/2hektarai.lt\/?post_type=product&#038;p=270"},"modified":"2024-06-21T15:43:24","modified_gmt":"2024-06-21T12:43:24","slug":"rozine-kreivabude","status":"publish","type":"product","link":"https:\/\/2hektarai.lt\/index.php\/product\/rozine-kreivabude\/","title":{"rendered":"Ro\u017ein\u0117 kreivabud\u0117"},"content":{"rendered":"<p><img loading=\"lazy\" decoding=\"async\" class=\"alignnone size-medium wp-image-229\" src=\"http:\/\/2hektarai.lt\/wp-content\/uploads\/2024\/02\/PXL_20240102_122317117.PORTRAIT_2-min-280x300.jpg\" alt=\"\" width=\"280\" height=\"300\" srcset=\"https:\/\/2hektarai.lt\/wp-content\/uploads\/2024\/02\/PXL_20240102_122317117.PORTRAIT_2-min-280x300.jpg 280w, https:\/\/2hektarai.lt\/wp-content\/uploads\/2024\/02\/PXL_20240102_122317117.PORTRAIT_2-min-scaled-300x321.jpg 300w, https:\/\/2hektarai.lt\/wp-content\/uploads\/2024\/02\/PXL_20240102_122317117.PORTRAIT_2-min-scaled-600x642.jpg 600w, https:\/\/2hektarai.lt\/wp-content\/uploads\/2024\/02\/PXL_20240102_122317117.PORTRAIT_2-min-956x1024.jpg 956w, https:\/\/2hektarai.lt\/wp-content\/uploads\/2024\/02\/PXL_20240102_122317117.PORTRAIT_2-min-768x822.jpg 768w, https:\/\/2hektarai.lt\/wp-content\/uploads\/2024\/02\/PXL_20240102_122317117.PORTRAIT_2-min-1435x1536.jpg 1435w, https:\/\/2hektarai.lt\/wp-content\/uploads\/2024\/02\/PXL_20240102_122317117.PORTRAIT_2-min-1913x2048.jpg 1913w\" sizes=\"(max-width: 280px) 100vw, 280px\" \/><\/p>\n<p><strong>Ro\u017ein\u0117 kreivabud\u0117<\/strong> (lot. Pleurotus Djamor, angl. Pink Oyster) &#8211; tai gurmani\u0161ki grybai i\u0161siskiriantis ne tik ak\u012f traukian\u010dia ry\u0161kia ro\u017ein\u0117 spalva, ta\u010diau ir sodriu, pikanti\u0161ku skoniu. D\u0117l savo tvirtos, m\u0117singos tekst\u016bros yra ypa\u010d m\u0117giami vegan\u0173 ir vegetar\u0173 kaip m\u0117sos pakaitalas. Tad nesvarbu ar esate kulinarijos meistras ar tiesiog m\u0117gstate lengvai paruo\u0161iam\u0105, bet skan\u0173 maist\u0105, kiekvienoje virtuv\u0117je ro\u017ein\u0117s kreivabud\u0117s atras savo viet\u0105.<\/p>\n<p><strong>Kaip paruo\u0161ti?<\/strong> Vienas i\u0161 m\u016bs\u0173 m\u0117gstamiausi\u0173 b\u016bd\u0173: tiesiog pa\u010dir\u0161kinti keptuv\u0117je ant sviesto su m\u0117gstamais prieskoniais. Taip pat puikiai tinka gardinti makaron\u0173, sriub\u0173, tro\u0161kini\u0173 patiekalus.<\/p>\n<p>Ro\u017ein\u0117s kreivabud\u0117s vertinamos d\u0117l savo maistin\u0117s vert\u0117s, turintys daug baltym\u0173, mineralini\u0173 drusk\u0173 (kalio, seleno, cinko) bei B grup\u0117s vitamin\u0173.<\/p>\n<p>Nat\u016braliai auga atogr\u0105\u017e\u0173 klimate, ta\u010diau \u0161ios gra\u017euol\u0117s u\u017eaugintos Kupi\u0161kio rajone, tad J\u016bs\u0173 stal\u0105 visada pasieks tik pa\u010dios \u0161vie\u017eiausios.<\/p>\n<p><strong>Laikymo s\u0105lygos:<\/strong> laikyti \u0161aldytuve or\u0105 praleid\u017eian\u010dioje taroje. Geriausiai tinka popierinis mai\u0161elis ar d\u0117\u017eut\u0117. Suvartoti per 3 &#8211; 5 d.<\/p>\n<p>\u0160vie\u017eius grybus visada stengiam\u0117s i\u0161si\u0173sti kuo grei\u010diau, ta\u010diau gali u\u017etrukti iki 4 &#8211; 5 d.d nuo u\u017esakymo pateikimo.<\/p>\n<p>\u0160vie\u017eius grybus visada rekomenduojame u\u017esisakyti per autobus\u0173 siuntas, kad prek\u0117 pasiekt\u0173 Jus kuo \u0161vie\u017eesn\u0117.<\/p>\n<p>Jei turite klausim\u0173 ar domina didesnis produkto kiekis &#8211; <span style=\"color: #0000ff;\"><a style=\"color: #0000ff;\" href=\"https:\/\/2hektarai.lt\/index.php\/kontaktai\/\">susisiekite.<\/a><\/span><\/p>\n<p>Jei \u0161iuo metu j\u016bs\u0173 norimas produktas i\u0161parduotas &#8211; para\u0161ykite mums ir mes jus informuosime, kada v\u0117l tur\u0117sime.<\/p>\n<p>&nbsp;<\/p>\n<p>&nbsp;<\/p>\n<p>&nbsp;<\/p>\n<p>&nbsp;<\/p>\n","protected":false},"excerpt":{"rendered":"<p>\u0160vie\u017ei Ro\u017ein\u0117s kreivabud\u0117s grybai u\u017eauginti Kupi\u0161kio rajone<\/p>\n","protected":false},"featured_media":278,"comment_status":"open","ping_status":"closed","template":"","meta":{"om_disable_all_campaigns":false,"_monsterinsights_skip_tracking":false,"_monsterinsights_sitenote_active":false,"_monsterinsights_sitenote_note":"","_monsterinsights_sitenote_category":0,"_uf_show_specific_survey":0,"_uf_disable_surveys":false},"product_cat":[38],"product_tag":[],"aioseo_notices":[],"jetpack_sharing_enabled":true,"_links":{"self":[{"href":"https:\/\/2hektarai.lt\/index.php\/wp-json\/wp\/v2\/product\/270"}],"collection":[{"href":"https:\/\/2hektarai.lt\/index.php\/wp-json\/wp\/v2\/product"}],"about":[{"href":"https:\/\/2hektarai.lt\/index.php\/wp-json\/wp\/v2\/types\/product"}],"replies":[{"embeddable":true,"href":"https:\/\/2hektarai.lt\/index.php\/wp-json\/wp\/v2\/comments?post=270"}],"wp:featuredmedia":[{"embeddable":true,"href":"https:\/\/2hektarai.lt\/index.php\/wp-json\/wp\/v2\/media\/278"}],"wp:attachment":[{"href":"https:\/\/2hektarai.lt\/index.php\/wp-json\/wp\/v2\/media?parent=270"}],"wp:term":[{"taxonomy":"product_cat","embeddable":true,"href":"https:\/\/2hektarai.lt\/index.php\/wp-json\/wp\/v2\/product_cat?post=270"},{"taxonomy":"product_tag","embeddable":true,"href":"https:\/\/2hektarai.lt\/index.php\/wp-json\/wp\/v2\/product_tag?post=270"}],"curies":[{"name":"wp","href":"https:\/\/api.w.org\/{rel}","templated":true}]}}