{"id":55,"date":"2023-11-17T16:28:41","date_gmt":"2023-11-17T16:28:41","guid":{"rendered":"https:\/\/2hektarai.lt\/?page_id=55"},"modified":"2024-02-11T17:20:56","modified_gmt":"2024-02-11T15:20:56","slug":"apie-mus","status":"publish","type":"page","link":"https:\/\/2hektarai.lt\/index.php\/apie-mus\/","title":{"rendered":"Apie mus"},"content":{"rendered":"<p class=\"has-medium-font-size\"><br>Du hektarai tai ma\u017eas trij\u0173 asmen\u0173 \u0161eimos \u016bkis: vyras Tony, \u017emona Agn\u0117 ir katinas Agentas Smitas. Esame \u012fsik\u016br\u0119 Kupi\u0161kio rajone, dviem hektarais ir nuostabios gamtos apsuptame vienkiemyje.  <\/p><p class=\"has-medium-font-size\">Ne taip jau seniai sugr\u012f\u017e\u0119\\atvyk\u0119 \u012f Lietuv\u0105 prad\u0117jom ilg\u0105 keli\u0105 link savo svajon\u0117s \u012fgyvendinimo. Savomis rankom pastat\u0117m gryb\u0173 fabrik\u0117l\u012f! B\u016bdami nuo statybininko iki vadybininko, daug mokinom\u0117s, band\u0117m, eksperimentavom, klydom&#8230;vis dar mokinam\u0117s, bandom, klystam v\u0117l bandom, ta\u010diau labai tikim\u0117s, kad jau greitu metu gal\u0117sim Jums pasi\u016blyti visada \u0161vie\u017eius, kokybi\u0161kus ir su dideliu r\u016bpes\u010diu u\u017eaugintus gurmani\u0161kus grybus, tokius kaip Li\u016bto kar\u010diai (Lion&#8217;s mane), Karali\u0161koji kreivabud\u0117 (King Oyster),  Ro\u017ein\u0117s\/Citrinin\u0117s\/Pilkosios kreivabud\u0117s (Yellow\/Pink\/Grey Oyster) bei kitus. <\/p><p class=\"has-medium-font-size\">Kadangi esame dideli gamtos myl\u0117tojai, tvarumas m\u016bs\u0173 \u016bkyje yra be galo svarbus. Auginant grybus patalpoje, jiems reikalingas tam tikras klimatas, tad jo suk\u016brimui bei palaikymui visada renkam\u0117s atsinaujinan\u010dius energijos \u0161altinius, tokios kaip saul\u0117s energija ir medienos kuras. <\/p><p class=\"has-medium-font-size\">Nuo pat pirmos dienos stengiam\u0117s vadovautis &#8222;zero waste&#8221; principu. Did\u017eioji dalis gryb\u0173 yra auginami talpose, kurios gali b\u016bti naudojamos v\u0117l ir v\u0117l, tokiu b\u016bdu i\u0161vengiame begal\u0117s vienkartinio plastiko naudojimo.  <\/p><figure class=\"wp-block-gallery has-nested-images columns-default is-cropped wp-block-gallery-1 is-layout-flex wp-block-gallery-is-layout-flex\"><figure class=\"wp-block-image size-large\"><img loading=\"lazy\" decoding=\"async\" width=\"771\" height=\"1024\" data-id=\"263\" src=\"https:\/\/2hektarai.lt\/wp-content\/uploads\/2024\/02\/PXL_20240114_070841305.PORTRAIT-01-min-771x1024.jpeg\" alt=\"\" class=\"wp-image-263\" srcset=\"https:\/\/2hektarai.lt\/wp-content\/uploads\/2024\/02\/PXL_20240114_070841305.PORTRAIT-01-min-771x1024.jpeg 771w, https:\/\/2hektarai.lt\/wp-content\/uploads\/2024\/02\/PXL_20240114_070841305.PORTRAIT-01-min-scaled-300x398.jpeg 300w, https:\/\/2hektarai.lt\/wp-content\/uploads\/2024\/02\/PXL_20240114_070841305.PORTRAIT-01-min-scaled-600x797.jpeg 600w, https:\/\/2hektarai.lt\/wp-content\/uploads\/2024\/02\/PXL_20240114_070841305.PORTRAIT-01-min-226x300.jpeg 226w, https:\/\/2hektarai.lt\/wp-content\/uploads\/2024\/02\/PXL_20240114_070841305.PORTRAIT-01-min-768x1020.jpeg 768w, https:\/\/2hektarai.lt\/wp-content\/uploads\/2024\/02\/PXL_20240114_070841305.PORTRAIT-01-min-1157x1536.jpeg 1157w, https:\/\/2hektarai.lt\/wp-content\/uploads\/2024\/02\/PXL_20240114_070841305.PORTRAIT-01-min-1542x2048.jpeg 1542w, https:\/\/2hektarai.lt\/wp-content\/uploads\/2024\/02\/PXL_20240114_070841305.PORTRAIT-01-min-scaled.jpeg 1928w\" sizes=\"(max-width: 771px) 100vw, 771px\" \/><\/figure>\n\n<figure class=\"wp-block-image size-large\"><img loading=\"lazy\" decoding=\"async\" width=\"771\" height=\"1024\" data-id=\"264\" src=\"https:\/\/2hektarai.lt\/wp-content\/uploads\/2024\/02\/PXL_20240205_070633988-01-min-771x1024.jpeg\" alt=\"\" class=\"wp-image-264\" srcset=\"https:\/\/2hektarai.lt\/wp-content\/uploads\/2024\/02\/PXL_20240205_070633988-01-min-771x1024.jpeg 771w, https:\/\/2hektarai.lt\/wp-content\/uploads\/2024\/02\/PXL_20240205_070633988-01-min-scaled-300x398.jpeg 300w, https:\/\/2hektarai.lt\/wp-content\/uploads\/2024\/02\/PXL_20240205_070633988-01-min-scaled-600x797.jpeg 600w, https:\/\/2hektarai.lt\/wp-content\/uploads\/2024\/02\/PXL_20240205_070633988-01-min-226x300.jpeg 226w, https:\/\/2hektarai.lt\/wp-content\/uploads\/2024\/02\/PXL_20240205_070633988-01-min-768x1020.jpeg 768w, https:\/\/2hektarai.lt\/wp-content\/uploads\/2024\/02\/PXL_20240205_070633988-01-min-1157x1536.jpeg 1157w, https:\/\/2hektarai.lt\/wp-content\/uploads\/2024\/02\/PXL_20240205_070633988-01-min-1542x2048.jpeg 1542w, https:\/\/2hektarai.lt\/wp-content\/uploads\/2024\/02\/PXL_20240205_070633988-01-min-scaled.jpeg 1928w\" sizes=\"(max-width: 771px) 100vw, 771px\" \/><\/figure><\/figure><p class=\"has-large-font-size\"><br>M\u016bs\u0173 tikslas<\/p><p class=\"has-medium-font-size\"><br>Pasi\u016blyti tik kokybi\u0161kus, tvariai u\u017eaugintus gurmani\u0161kus grybus J\u016bs\u0173 stalui ir ma\u017eiems verslams u\u017e prieinam\u0105 kain\u0105.<br><\/p><p class=\"has-medium-font-size\" style=\"font-style:normal;font-weight:600\"><br>Sveiki prisijung\u0119 prie m\u016bs\u0173 grybi\u0161kos kelion\u0117s ir iki malonaus! <\/p><p><br><a href=\"https:\/\/2hektarai.lt\/index.php\/kontaktai\/\" title=\"Susisiekite\"><strong><mark style=\"background-color:rgba(0, 0, 0, 0)\" class=\"has-inline-color has-vivid-cyan-blue-color\">Susisiekite<\/mark><\/strong><\/a><\/p>","protected":false},"excerpt":{"rendered":"<p>Du hektarai tai ma\u017eas trij\u0173 asmen\u0173 \u0161eimos \u016bkis: vyras Tony, \u017emona Agn\u0117 ir katinas Agentas Smitas. Esame \u012fsik\u016br\u0119 Kupi\u0161kio rajone, dviem hektarais ir nuostabios gamtos apsuptame vienkiemyje. Ne taip jau seniai sugr\u012f\u017e\u0119\\atvyk\u0119 \u012f Lietuv\u0105 prad\u0117jom ilg\u0105 keli\u0105 link savo svajon\u0117s \u012fgyvendinimo. Savomis rankom pastat\u0117m gryb\u0173 fabrik\u0117l\u012f! B\u016bdami nuo statybininko iki vadybininko, daug mokinom\u0117s, band\u0117m, eksperimentavom,<\/p>\n<div class=\"more-link\">\n             <a href=\"https:\/\/2hektarai.lt\/index.php\/apie-mus\/\" class=\"btn btn-theme\">Continue Reading<i class=\"fa fa-fw fa-long-arrow-right\"><\/i><\/a>\n        <\/div>\n","protected":false},"author":1,"featured_media":257,"parent":0,"menu_order":0,"comment_status":"closed","ping_status":"closed","template":"","meta":{"om_disable_all_campaigns":false,"_monsterinsights_skip_tracking":false,"_monsterinsights_sitenote_active":false,"_monsterinsights_sitenote_note":"","_monsterinsights_sitenote_category":0,"_uf_show_specific_survey":0,"_uf_disable_surveys":false,"footnotes":""},"aioseo_notices":[],"jetpack_sharing_enabled":true,"_links":{"self":[{"href":"https:\/\/2hektarai.lt\/index.php\/wp-json\/wp\/v2\/pages\/55"}],"collection":[{"href":"https:\/\/2hektarai.lt\/index.php\/wp-json\/wp\/v2\/pages"}],"about":[{"href":"https:\/\/2hektarai.lt\/index.php\/wp-json\/wp\/v2\/types\/page"}],"author":[{"embeddable":true,"href":"https:\/\/2hektarai.lt\/index.php\/wp-json\/wp\/v2\/users\/1"}],"replies":[{"embeddable":true,"href":"https:\/\/2hektarai.lt\/index.php\/wp-json\/wp\/v2\/comments?post=55"}],"version-history":[{"count":10,"href":"https:\/\/2hektarai.lt\/index.php\/wp-json\/wp\/v2\/pages\/55\/revisions"}],"predecessor-version":[{"id":266,"href":"https:\/\/2hektarai.lt\/index.php\/wp-json\/wp\/v2\/pages\/55\/revisions\/266"}],"wp:featuredmedia":[{"embeddable":true,"href":"https:\/\/2hektarai.lt\/index.php\/wp-json\/wp\/v2\/media\/257"}],"wp:attachment":[{"href":"https:\/\/2hektarai.lt\/index.php\/wp-json\/wp\/v2\/media?parent=55"}],"curies":[{"name":"wp","href":"https:\/\/api.w.org\/{rel}","templated":true}]}}