{"id":324,"date":"2024-02-27T18:21:34","date_gmt":"2024-02-27T16:21:34","guid":{"rendered":"https:\/\/2hektarai.lt\/?page_id=324"},"modified":"2024-05-04T22:21:26","modified_gmt":"2024-05-04T19:21:26","slug":"grazinimo-salygos","status":"publish","type":"page","link":"https:\/\/2hektarai.lt\/index.php\/grazinimo-salygos\/","title":{"rendered":"Gr\u0105\u017einimo s\u0105lygos"},"content":{"rendered":"<p><strong>Preki\u0173 gr\u0105\u017einimas<\/strong><\/p><p>Pagal L.R. \u012fstatymus, internetu \u012fsigyti maisto produktai negali b\u016bti gr\u0105\u017einami.<\/p><p>Ta\u010diau tuo atveju, jei prek\u0117 yra nekokybi\u0161ka, t.y. produktas suged\u0119s, Pirk\u0117jas apie kokyb\u0117s tr\u016bkumus privalo informuoti\u00a0www.2hektarai.lt\u00a0el. parduotuv\u0117s administracij\u0105 per 24 valandas. Pirk\u0117jas apie \u012fsigytas netinkamos kokyb\u0117s prekes gali informuoti el. pa\u0161tu\u00a0<a href=\"mailto:info@2hektarai.lt\" title=\"https:\/\/2hektarai.lt\/index.php\/kontaktai\/\">info@2hektarai.lt<\/a> pateikdamas prek\u0117s fotografij\u0105 ir tr\u016bkumo apra\u0161ym\u0105. <\/p><p>Pinigai u\u017e neatsiimtoje siuntoje esan\u010dius \u0161vie\u017eius grybus n\u0117ra gr\u0105\u017einami.<\/p><p>Pinigai u\u017e gryb\u0173 auginimo rinkinius n\u0117ra gr\u0105\u017einami.<\/p>","protected":false},"excerpt":{"rendered":"<p>Preki\u0173 gr\u0105\u017einimas Pagal L.R. \u012fstatymus, internetu \u012fsigyti maisto produktai negali b\u016bti gr\u0105\u017einami. Ta\u010diau tuo atveju, jei prek\u0117 yra nekokybi\u0161ka, t.y. produktas suged\u0119s, Pirk\u0117jas apie kokyb\u0117s tr\u016bkumus privalo informuoti\u00a0www.2hektarai.lt\u00a0el. parduotuv\u0117s administracij\u0105 per 24 valandas. Pirk\u0117jas apie \u012fsigytas netinkamos kokyb\u0117s prekes gali informuoti el. pa\u0161tu\u00a0info@2hektarai.lt pateikdamas prek\u0117s fotografij\u0105 ir tr\u016bkumo apra\u0161ym\u0105. Pinigai u\u017e neatsiimtoje siuntoje esan\u010dius \u0161vie\u017eius<\/p>\n<div class=\"more-link\">\n             <a href=\"https:\/\/2hektarai.lt\/index.php\/grazinimo-salygos\/\" class=\"btn btn-theme\">Continue Reading<i class=\"fa fa-fw fa-long-arrow-right\"><\/i><\/a>\n        <\/div>\n","protected":false},"author":1,"featured_media":0,"parent":0,"menu_order":0,"comment_status":"closed","ping_status":"closed","template":"","meta":{"om_disable_all_campaigns":false,"_monsterinsights_skip_tracking":false,"_monsterinsights_sitenote_active":false,"_monsterinsights_sitenote_note":"","_monsterinsights_sitenote_category":0,"_uf_show_specific_survey":0,"_uf_disable_surveys":false,"footnotes":""},"aioseo_notices":[],"jetpack_sharing_enabled":true,"_links":{"self":[{"href":"https:\/\/2hektarai.lt\/index.php\/wp-json\/wp\/v2\/pages\/324"}],"collection":[{"href":"https:\/\/2hektarai.lt\/index.php\/wp-json\/wp\/v2\/pages"}],"about":[{"href":"https:\/\/2hektarai.lt\/index.php\/wp-json\/wp\/v2\/types\/page"}],"author":[{"embeddable":true,"href":"https:\/\/2hektarai.lt\/index.php\/wp-json\/wp\/v2\/users\/1"}],"replies":[{"embeddable":true,"href":"https:\/\/2hektarai.lt\/index.php\/wp-json\/wp\/v2\/comments?post=324"}],"version-history":[{"count":5,"href":"https:\/\/2hektarai.lt\/index.php\/wp-json\/wp\/v2\/pages\/324\/revisions"}],"predecessor-version":[{"id":405,"href":"https:\/\/2hektarai.lt\/index.php\/wp-json\/wp\/v2\/pages\/324\/revisions\/405"}],"wp:attachment":[{"href":"https:\/\/2hektarai.lt\/index.php\/wp-json\/wp\/v2\/media?parent=324"}],"curies":[{"name":"wp","href":"https:\/\/api.w.org\/{rel}","templated":true}]}}